{"id":324,"date":"2022-06-10T00:11:29","date_gmt":"2022-06-09T22:11:29","guid":{"rendered":"https:\/\/pennarprat.fr\/?page_id=324"},"modified":"2022-07-02T18:05:59","modified_gmt":"2022-07-02T16:05:59","slug":"bonnes-adresses","status":"publish","type":"page","link":"https:\/\/pennarprat.fr\/?page_id=324","title":{"rendered":"Bonnes adresses"},"content":{"rendered":"\n<p>Au menu des bonnes adresses (toutes test\u00e9es et approuv\u00e9es!)&#8230;<\/p>\n\n\n\n<ul class=\"wp-block-list\"><li><strong>Infos pratiques<\/strong><\/li><li><strong>Pour vos <a href=\"#courses\">petites courses du quotidien<\/a><\/strong><\/li><li><strong><a href=\"#r\u00e9galer\" data-type=\"internal\" data-id=\"#r\u00e9galer\">Se r\u00e9galer<\/a><\/strong>&#8230;<\/li><li><strong><a href=\"#baignade\">Se baigner, activit\u00e9s nautiques<\/a><\/strong><\/li><li><strong><a href=\"#visiter\" data-type=\"internal\" data-id=\"#visiter\">Visiter<\/a><\/strong><\/li><\/ul>\n\n\n\n<p>#<strong>Infos pratiques<\/strong><\/p>\n\n\n\n<p>Au c\u0153ur de la Baie de Morlaix, de nombreuses activit\u00e9s possibles selon vos envies&nbsp;: Culture, Gastronomie, Sports, Patrimoine et Histoire.<\/p>\n\n\n\n<p id=\"courses\">#<strong>Pour vos petites courses du quotidien\u2026<\/strong><\/p>\n\n\n\n<ul class=\"wp-block-list\"><li>L\u2019enseigne de proximit\u00e9 \u00ab&nbsp;Proxi&nbsp;\u00bb, situ\u00e9e juste derri\u00e8re l\u2019Eglise de Guima\u00ebc o\u00f9 vous trouverez tout le n\u00e9cessaire pour votre s\u00e9jour y compris un rayon boucherie, traiteur et Presse. Il y a aussi le \u00ab&nbsp;8 \u00e0 Huit&nbsp;\u00bb de Lanmeur, ou le Super U de Lanmeur et celui de Plestin-Les Gr\u00e8ves.<\/li><li>Un patissier bio d\u2019exception&nbsp;: <a href=\"https:\/\/www.leptitpatissier.fr\/\" target=\"_blank\" rel=\"noreferrer noopener\">Le P\u2019ti patissier<\/a> pr\u00e9sent sur les march\u00e9s du coin<\/li><li>Plusieurs artisans boulanger-patissier \u00e0 Guima\u00ebc, Plougasnou et Lanmeur.<\/li><li>La Poste a une permanence assur\u00e9e \u00e0 la Mairie de Guima\u00ebc et sinon, vous trouverez les 2&nbsp;agences les plus proches dans le centre-ville de Lanmeur et de Plougasnou.<\/li><li>Les villes et jours de march\u00e9s: Plougasnou (mardi), Locquirec (mercredi), Lanmeur (vendredi), Morlaix (samedi) et Plestin-les-Gr\u00e8ves (dimanche).<\/li><\/ul>\n\n\n\n<p id=\"r\u00e9galer\">#<strong>Se r\u00e9galer\u2026<\/strong><\/p>\n\n\n\n<ul class=\"wp-block-list\"><li>avec du Cidre&nbsp;: le Domaine de Kerveguen (<a rel=\"noreferrer noopener\" href=\"https:\/\/www.kerveguen.fr\" target=\"_blank\">lien<\/a>) est un must&nbsp;! Un cidre bio d\u2019excellence, \u00e9lev\u00e9 en futs de ch\u00eane. Un \u00ab&nbsp;must&nbsp;\u00bb \u00e0 d\u00e9guster &#8211; le cidre d\u2019Eric est servi \u00e0 la table de l\u2019Elys\u00e9e depuis &#8211; et \u00ab&nbsp;must \u00e0 visiter&nbsp;\u00bb&nbsp;&#8211; la cidrerie est dans un ancien manoir du 15-16\u00e8me si\u00e8cle. Et les vergers et l\u2019ancien pigeonnier sont ouverts \u00e0 la visite.<\/li><li>Et la Cidrerie de Coz Mezou (<a rel=\"noreferrer noopener\" href=\"http:\/\/cidreriecozmezou.fr\/\" target=\"_blank\">lien<\/a>), une production 100% artisanale. Les vergers et la cidrerie se visitent aussi (et pas que&nbsp;!). En plus de leur excellent cidre, ils commercialisent dans leur boutique des produits de notre terroir.<\/li><li>les Restaurants \u00e0 Locquirec: donnant directement sur le Port et face \u00e0 la mer, \u00ab&nbsp;la Dame de Nage&nbsp;\u00bb (<a rel=\"noreferrer noopener\" href=\"https:\/\/www.facebook.com\/ladamedenage.locquirec\/\" target=\"_blank\">lien<\/a>) (restaurant et bar \u00e0 tapas&nbsp;; nos chouchous tellement les patrons sont aux petits soins pour les clients&nbsp;; la carte qui donne envie de tout gouter plut\u00f4t \u2018saveurs du monde\u2019, les desserts un r\u00e9gal, les bi\u00e8res et la carte des vins au top&nbsp;!). \u00ab&nbsp;L\u2019Hotel du Port&nbsp;\u00bb pour d\u00e9guster une cuisine cr\u00e9ative et traditionnelle, et \u00ab&nbsp;la Brasserie de la Plage&nbsp;\u00bb (<a rel=\"noreferrer noopener\" href=\"https:\/\/www.grand-hotel-des-bains.com\/fr\/page\/restaurant-bar-locquirec.10602.html\" target=\"_blank\">lien<\/a> &#8211; le m\u00eame Chef qu\u2019au Grand H\u00f4tel des Bains, c\u2019est juste le cadre qui change)&nbsp; (<a rel=\"noreferrer noopener\" href=\"https:\/\/www.locquirec.bzh\/vie-quotidienne\/commerces\/ou-manger\/\" target=\"_blank\">lien vers les adresses<\/a>)<\/li><li>les Restaurants \u00e0 Morlaix&nbsp;: \u00ab&nbsp;Le Grand Caf\u00e9 de La Terrasse&nbsp;\u00bb nos deuxi\u00e8me chouchous (<a rel=\"noreferrer noopener\" href=\"https:\/\/www.legrandcafedelaterrasse.fr\/\" target=\"_blank\">lien<\/a>)&nbsp;! Pour boire un verre, le \u00ab&nbsp;Caf\u00e9 Tempo Bar&nbsp;\u00bb sur le Port lui aussi (<a rel=\"noreferrer noopener\" href=\"https:\/\/www.facebook.com\/letempo.bar\" target=\"_blank\">lien<\/a>), ou le \u00ab&nbsp;Ti Coz&nbsp;\u00bb dans la vieille ville\u2026<\/li><li>des Artisans Boulanger-Patissier et Chocolatier d&rsquo;exception l&rsquo;<a rel=\"noreferrer noopener\" href=\"https:\/\/latelierdechristophe.fr\/\" target=\"_blank\">Atelier de Christophe<\/a> \u00e0 Plestin\u2026<\/li><\/ul>\n\n\n\n<p id=\"baignade\">#<strong>Se baigner, activit\u00e9s nautiques&#8230;<\/strong><\/p>\n\n\n\n<ul class=\"wp-block-list\"><li>Chez nous, vous serez \u00e0 proximit\u00e9 des belles plages de sable fin de Guima\u00ebc (Vilin Izella et Poul Rodou), Locquirec (Moulin de la Rive et Sables Blancs), Plestin-Les-Gr\u00e8ves, Plougasnou, Primel, Saint-Jean-du-Doigt.<\/li><li>Il y a aussi les piscines Centre Aquatique H\u00e9lios\u00e9ane de Plouigneau (<a rel=\"noreferrer noopener\" href=\"https:\/\/piscine-helioseane.com\" target=\"_blank\">lien<\/a>) et l\u2019Espace Aquatique du Pays de Morlaix (<a rel=\"noreferrer noopener\" href=\"https:\/\/espace-aquatique-pays-de-morlaix.business.site\/#gallery\" target=\"_blank\">lien<\/a>)<\/li><li>Le Spa marin du Grand Hotel des Bains \u00e0 Locquirec (<a rel=\"noreferrer noopener\" href=\"https:\/\/www.grand-hotel-des-bains.com\/fr\/page\/hotel-spa-finistere.10603.html\" target=\"_blank\">lien<\/a>)<\/li><li>Et pas si loin que \u00e7a, le somptueux Spa marin de l\u2019Hotel Brittany (<a rel=\"noreferrer noopener\" href=\"https:\/\/hotel-brittany.com\/fr\/marine-spa.html\" target=\"_blank\">lien<\/a>) et la Thalasso de Roscoff (<a rel=\"noreferrer noopener\" href=\"https:\/\/www.thalasso.com\/destination\/roscoff\" target=\"_blank\">lien<\/a>)<\/li><li>Body Board, Surf et Stand-Up Paddle au Moulin de la Rive \u00e0 Locquirec (<a rel=\"noreferrer noopener\" href=\"https:\/\/surfing-locquirec.com\/\" target=\"_blank\">lien<\/a>)&nbsp;; les Ecole de Voile de Locquirec et Terenez&nbsp;; plus du Char \u00e0 voile \u00e0 l\u2019Ecole de Voile de Saint-Efflam (<a rel=\"noreferrer noopener\" href=\"https:\/\/www.centrenautiqueplestin.com\/location\/char-a-voile\" target=\"_blank\">lien<\/a>), ou du Kayak de mer en Baie de Morlaix (<a rel=\"noreferrer noopener\" href=\"https:\/\/www.baiedemorlaix.bzh\/fr\/activite\/kayak-n-co-en-baie-de-morlaix-ascbre029v50fnpa\/\" target=\"_blank\">lien<\/a>) avec Kayak N\u2019Co au Dourduff-en-Mer.<\/li><\/ul>\n\n\n\n<p id=\"visiter\">#<strong>Visiter\u2026<\/strong><\/p>\n\n\n\n<ul class=\"wp-block-list\"><li>Mus\u00e9e Rural du Tr\u00e9gor \u00ab&nbsp;Ar Vagagenn&nbsp;\u00bb (<a rel=\"noreferrer noopener\" href=\"https:\/\/musee-guimaec.com\/\" target=\"_blank\">lien<\/a>) situ\u00e9 lieu-dit Prajou \u00e0 Guima\u00ebc. Une collection de +2000 objets qui racontent la vie rurale, les outils et les m\u00e9tiers du d\u00e9but du 20<sup>\u00e8me<\/sup> si\u00e8cle. La Mairie l\u2019a r\u00e9cemment restaur\u00e9 et c\u2019est top&nbsp;! Et si en plus vous y allez le dimanche, un couple tr\u00e8s sympa de restaurateurs g\u00e9rants du \u00ab&nbsp;caf\u00e9-restaurant associatif Le Dilestran&nbsp;\u00bb (<a href=\"https:\/\/musee-guimaec.com\/le-dilestran\/\">lien<\/a>) proposent un brunch \u00ab&nbsp;super goutu&nbsp;\u00bb Tonnerre de Brest&nbsp;!<\/li><li>Il y a aussi l\u2019Atelier des Vieux Outils de Lanmeur. Ces 2 sites proposent une collection d\u2019outils anciens dont l\u2019usage est d\u00e9taill\u00e9 et mis en sc\u00e8ne.<\/li><li>Toujours \u00e0 Lanmeur, sur le pignon du Fournil des Arts, lieu d&rsquo;expositions, une t\u00eate monumentale de macareux (<a rel=\"noreferrer noopener\" href=\"https:\/\/www.letelegramme.fr\/dossiers\/mx-arts-tour\/a-lanmeur-k-yoo-realise-un-macareux-sur-le-mur-du-fournil-des-arts-19-06-2022-13076205.php\" target=\"_blank\">lien<\/a>), graffiti de type street-art vient d\u2019\u00eatre&nbsp; peinte par l&rsquo;artiste K-Y\u00f4\u00f4. L\u2019occasion de continuer votre balade artistique par le Street-art tour de Morlaix (<a rel=\"noreferrer noopener\" href=\"https:\/\/www.baiedemorlaix.bzh\/fr\/planifier\/morlaix-arts-tour-festival-street-art-incontournable-bretagne\/\" target=\"_blank\">lien<\/a>)<\/li><li>Le Mus\u00e9e des Vieilles Soupapes de Plougasnou&nbsp;; l\u2019EcoMus\u00e9e de Plouigneau.<\/li><li>Des artisans d\u2019art&nbsp;: \u00e0 Locquirec, l\u2019atelier\/boutique de Florie, &nbsp;cr\u00e9atrice vitrailliste et restauratrice d\u2019art (<a rel=\"noreferrer noopener\" href=\"https:\/\/les-vitraux-de-larchange.business.site\/\" target=\"_blank\">lien<\/a>), la Forge Du Loup \u00ab&nbsp;Gov Bleiz&nbsp;\u00bb de Julien, atelier de coutellerie et ferronnerie d\u2019art \u00e0 Plouezoch (<a rel=\"noreferrer noopener\" href=\"https:\/\/www.facebook.com\/GovBleiz\/?locale2=fr_FR&amp;_rdr\" target=\"_blank\">lien<\/a>)<\/li><li>Et des sites d\u2019exception tout proches comme celui du Ch\u00e2teau du Taureau (<a href=\"https:\/\/chateaudutaureau.bzh\/\">lien<\/a>) ou le Grand Cairn de Barnenez, un mausol\u00e9e m\u00e9galitique datant du n\u00e9olitique&nbsp;!&nbsp;(<a rel=\"noreferrer noopener\" href=\"https:\/\/www.barnenez.fr\/\" target=\"_blank\">lien<\/a>). Et pas si loin que \u00e7a, la Vall\u00e9e des Saints \u00e0 Carno\u00ebt (<a rel=\"noreferrer noopener\" href=\"https:\/\/www.lavalleedessaints.com\/\" target=\"_blank\">lien<\/a>)<\/li><li>Excursion \u00e0 pied&nbsp;ou en bateau pour visiter les \u00eeles: les \u00eeles Lou\u00ebt et Callot, la presqu\u2019\u00eele de Carantec, l\u2019\u00eele de Batz<\/li><li>Des jardins extraordinaires&nbsp;: comme le Jardin Exotique et Botanique de Roscoff, un jardin bord\u00e9 par la mer, cr\u00e9\u00e9 en 1986 pour pr\u00e9senter une collection de plantes et fleurs australes (<a rel=\"noreferrer noopener\" href=\"http:\/\/jardinexotiqueroscoff.com\/jardin_botanique-finistere\/\" target=\"_blank\">lien<\/a>), ou celui du Domaine de Tr\u00e9varez, o\u00f9 en plus des jardins, vous pourrez visiter le ch\u00e2teau (<a rel=\"noreferrer noopener\" href=\"https:\/\/www.tourismebretagne.com\/offres\/domaine-de-trevarez-saint-goazec-fr-2016797\/\" target=\"_blank\">lien<\/a>)&nbsp;;<\/li><li>A Guima\u00ebc, vous appr\u00e9cierez le cadre de la petite Chapelle de Christ, et celui de la Chapelle de Notre Dame des Joies. A Lanmeur, l\u2019\u00c9glise de Kernitron dont la construction date du d\u00e9but du 12<sup>\u00e8me<\/sup> si\u00e8cle. Et l\u2019enclos paroissial majestueux de St Jean du Doigt (<a rel=\"noreferrer noopener\" href=\"http:\/\/www.saintjeandudoigt.fr\/culture-et-patrimoine\/enclos-paroissial\/\" target=\"_blank\">lien<\/a>)&nbsp;!<\/li><li>Et on peut continuer les balades dans les C\u00f4tes d\u2019Armor sur la C\u00f4te de Granit Rose, puisque Lannion, Perros-Guirec, Ploumanach sont tout proches.<\/li><li>Plus tous les festivals et fest-noz, etc\u2026<\/li><\/ul>\n\n\n\n<p>#<strong>Randonner \u00e0 pied, \u00e0 v\u00e9lo<\/strong><\/p>\n\n\n\n<ul class=\"wp-block-list\"><li>voir les <a href=\"https:\/\/pennarprat.fr\/?page_id=259\">pages rando sur notre site<\/a><\/li><li>des randonn\u00e9es PR et GR dont le GR34 (2 points d\u2019acc\u00e8s au GR 34 qui est \u00e0 &#8211; 2 km)<ul><li>si besoin, nous mettrons \u00e0 votre disposition nos cartes IGN et nos guides <\/li><li>et  les plus belles balades et randos en pays de Morlaix sont <a rel=\"noreferrer noopener\" href=\"https:\/\/www.baiedemorlaix.bzh\/fr\/planifier\/les-plus-belles-randos-et-balade-baie-de-morlaix\/\" target=\"_blank\">sur le site de l&rsquo;OT de la Baie de Morlaix<\/a><\/li><\/ul><\/li><\/ul>\n","protected":false},"excerpt":{"rendered":"<p>Au menu des bonnes adresses (toutes test\u00e9es et approuv\u00e9es!)&#8230; Infos pratiques Pour vos petites courses du quotidien Se r\u00e9galer&#8230; Se baigner, activit\u00e9s nautiques Visiter #Infos pratiques Au c\u0153ur de la Baie de Morlaix, de nombreuses activit\u00e9s possibles selon vos envies&nbsp;: Culture, Gastronomie, Sports, Patrimoine et Histoire. #Pour vos petites courses du quotidien\u2026 L\u2019enseigne de proximit\u00e9 &hellip; <\/p>\n<p class=\"link-more\"><a href=\"https:\/\/pennarprat.fr\/?page_id=324\" class=\"more-link\">Continuer la lecture<span class=\"screen-reader-text\"> de &laquo;&nbsp;Bonnes adresses&nbsp;&raquo;<\/span><\/a><\/p>\n","protected":false},"author":1,"featured_media":0,"parent":0,"menu_order":0,"comment_status":"closed","ping_status":"closed","template":"","meta":{"footnotes":""},"class_list":["post-324","page","type-page","status-publish","hentry"],"_links":{"self":[{"href":"https:\/\/pennarprat.fr\/index.php?rest_route=\/wp\/v2\/pages\/324","targetHints":{"allow":["GET"]}}],"collection":[{"href":"https:\/\/pennarprat.fr\/index.php?rest_route=\/wp\/v2\/pages"}],"about":[{"href":"https:\/\/pennarprat.fr\/index.php?rest_route=\/wp\/v2\/types\/page"}],"author":[{"embeddable":true,"href":"https:\/\/pennarprat.fr\/index.php?rest_route=\/wp\/v2\/users\/1"}],"replies":[{"embeddable":true,"href":"https:\/\/pennarprat.fr\/index.php?rest_route=%2Fwp%2Fv2%2Fcomments&post=324"}],"version-history":[{"count":16,"href":"https:\/\/pennarprat.fr\/index.php?rest_route=\/wp\/v2\/pages\/324\/revisions"}],"predecessor-version":[{"id":964,"href":"https:\/\/pennarprat.fr\/index.php?rest_route=\/wp\/v2\/pages\/324\/revisions\/964"}],"wp:attachment":[{"href":"https:\/\/pennarprat.fr\/index.php?rest_route=%2Fwp%2Fv2%2Fmedia&parent=324"}],"curies":[{"name":"wp","href":"https:\/\/api.w.org\/{rel}","templated":true}]}}