{"id":2,"date":"2022-05-18T15:28:37","date_gmt":"2022-05-18T13:28:37","guid":{"rendered":"http:\/\/pennarprat.fr\/?page_id=2"},"modified":"2024-03-27T20:52:35","modified_gmt":"2024-03-27T19:52:35","slug":"infos-reservations","status":"publish","type":"page","link":"https:\/\/pennarprat.fr\/?page_id=2","title":{"rendered":"Infos &#038; R\u00e9servations"},"content":{"rendered":"\n<h2 class=\"wp-block-heading has-black-color has-text-color\"><strong>Pour r\u00e9server, consultez les <\/strong><strong>disponibilit\u00e9s, les tarifs et r\u00e9servez en ligne sur:<\/strong><\/h2>\n\n\n\n<ol class=\"wp-block-list\">\n<li><strong>AirBnb<\/strong>\n<ul class=\"wp-block-list\">\n<li>annonce pour la maison (6 pers.): <br><a rel=\"noreferrer noopener\" href=\"https:\/\/www.airbnb.fr\/rooms\/660740042746753492\" target=\"_blank\">https:\/\/www.airbnb.fr\/rooms\/660740042746753492<\/a><\/li>\n\n\n\n<li>annonce pour la long\u00e8re (3\/4 pers.): <br><a rel=\"noreferrer noopener\" href=\"https:\/\/www.airbnb.fr\/rooms\/660012271766893312\" target=\"_blank\">https:\/\/www.airbnb.fr\/rooms\/660012271766893312<\/a><\/li>\n<\/ul>\n<\/li>\n<\/ol>\n\n\n\n<ol class=\"wp-block-list\" start=\"2\">\n<li><strong>LeBonCoin  <\/strong>\n<ul class=\"wp-block-list\">\n<li>annonce pour la maison (6pers.): <br><a rel=\"noreferrer noopener\" href=\"https:\/\/www.leboncoin.fr\/locations_gites\/2181267016.htm\" target=\"_blank\">https:\/\/www.leboncoin.fr\/locations_gites\/2181267016.htm<\/a> <\/li>\n\n\n\n<li>annonce pour la long\u00e8re (3\/4 pers.): <br><a href=\"https:\/\/www.leboncoin.fr\/locations_gites\/2181425680.htm\" target=\"_blank\" rel=\"noreferrer noopener\">https:\/\/www.leboncoin.fr\/locations_gites\/2181425680.htm<\/a><\/li>\n<\/ul>\n<\/li>\n<\/ol>\n\n\n\n<h2 class=\"wp-block-heading has-black-color has-text-color\"><strong>Pour venir<\/strong><\/h2>\n\n\n\n<p style=\"line-height:1.4\">Les g\u00eetes se situent \u00e0 Guima\u00ebc (29620) \u00e0 7 km de Locquirec, de Lanmeur, \u00e0 18 km de Morlaix, \u00e0 75 km de Brest.<\/p>\n\n\n\n<p style=\"line-height:1.4\"><strong>Par la route<\/strong>, le plan google maps ci-dessous<br>Coordonn\u00e9es GPS Latitude, longitude: @48.700743,-3.739264<br>48\u00b042&rsquo;02.7&Prime;N 3\u00b044&rsquo;21.4&Prime;W<\/p>\n\n\n\n<figure class=\"wp-block-image size-full\"><a href=\"https:\/\/goo.gl\/maps\/uocw3DN4ckHY7g6Q9\" target=\"_blank\" rel=\"noreferrer noopener\"><img loading=\"lazy\" decoding=\"async\" width=\"611\" height=\"461\" src=\"https:\/\/pennarprat.fr\/wp-content\/uploads\/2022\/06\/2022-06-21-00_35_05-Gites-de-la-Metairie-de-Penn-Ar-Prat-Google-Maps.jpg\" alt=\"\" class=\"wp-image-803\" srcset=\"https:\/\/pennarprat.fr\/wp-content\/uploads\/2022\/06\/2022-06-21-00_35_05-Gites-de-la-Metairie-de-Penn-Ar-Prat-Google-Maps.jpg 611w, https:\/\/pennarprat.fr\/wp-content\/uploads\/2022\/06\/2022-06-21-00_35_05-Gites-de-la-Metairie-de-Penn-Ar-Prat-Google-Maps-300x226.jpg 300w\" sizes=\"auto, (max-width: 611px) 100vw, 611px\" \/><\/a><\/figure>\n\n\n\n<p style=\"line-height:1.4\"><strong>Par avion,<\/strong> les a\u00e9roports les plus proches: Brest-Guipavas, Quimper, et Rennes<br><strong>A l&rsquo;arriv\u00e9e de Brest<\/strong>, des vols directs depuis plusieurs villes: Ajaccio, Bastia, Biarritz, Bordeaux,  Figari, Lyon, Marseille, Montpellier, Nice, Ouessant, Toulon et Toulouse!<\/p>\n\n\n\n<p style=\"line-height:1.4\"><strong>Et en train?<\/strong> La gare de Morlaix est \u00e0 20 minutes en voiture de chez nous.<br>Et par exemple, un aller Paris-Morlaix, c&rsquo;est seulement<strong> 3h15<\/strong> ! <\/p>\n","protected":false},"excerpt":{"rendered":"<p>Pour r\u00e9server, consultez les disponibilit\u00e9s, les tarifs et r\u00e9servez en ligne sur: Pour venir Les g\u00eetes se situent \u00e0 Guima\u00ebc (29620) \u00e0 7 km de Locquirec, de Lanmeur, \u00e0 18 km de Morlaix, \u00e0 75 km de Brest. Par la route, le plan google maps ci-dessousCoordonn\u00e9es GPS Latitude, longitude: @48.700743,-3.73926448\u00b042&rsquo;02.7&Prime;N 3\u00b044&rsquo;21.4&Prime;W Par avion, les a\u00e9roports &hellip; <\/p>\n<p class=\"link-more\"><a href=\"https:\/\/pennarprat.fr\/?page_id=2\" class=\"more-link\">Continuer la lecture<span class=\"screen-reader-text\"> de &laquo;&nbsp;Infos &#038; R\u00e9servations&nbsp;&raquo;<\/span><\/a><\/p>\n","protected":false},"author":1,"featured_media":0,"parent":0,"menu_order":0,"comment_status":"closed","ping_status":"closed","template":"","meta":{"footnotes":""},"class_list":["post-2","page","type-page","status-publish","hentry"],"_links":{"self":[{"href":"https:\/\/pennarprat.fr\/index.php?rest_route=\/wp\/v2\/pages\/2","targetHints":{"allow":["GET"]}}],"collection":[{"href":"https:\/\/pennarprat.fr\/index.php?rest_route=\/wp\/v2\/pages"}],"about":[{"href":"https:\/\/pennarprat.fr\/index.php?rest_route=\/wp\/v2\/types\/page"}],"author":[{"embeddable":true,"href":"https:\/\/pennarprat.fr\/index.php?rest_route=\/wp\/v2\/users\/1"}],"replies":[{"embeddable":true,"href":"https:\/\/pennarprat.fr\/index.php?rest_route=%2Fwp%2Fv2%2Fcomments&post=2"}],"version-history":[{"count":83,"href":"https:\/\/pennarprat.fr\/index.php?rest_route=\/wp\/v2\/pages\/2\/revisions"}],"predecessor-version":[{"id":1009,"href":"https:\/\/pennarprat.fr\/index.php?rest_route=\/wp\/v2\/pages\/2\/revisions\/1009"}],"wp:attachment":[{"href":"https:\/\/pennarprat.fr\/index.php?rest_route=%2Fwp%2Fv2%2Fmedia&parent=2"}],"curies":[{"name":"wp","href":"https:\/\/api.w.org\/{rel}","templated":true}]}}