{"id":133,"date":"2022-05-29T15:12:52","date_gmt":"2022-05-29T13:12:52","guid":{"rendered":"https:\/\/pennarprat.fr\/?page_id=133"},"modified":"2022-06-24T11:18:31","modified_gmt":"2022-06-24T09:18:31","slug":"test1","status":"publish","type":"page","link":"https:\/\/pennarprat.fr\/?page_id=133","title":{"rendered":"Les 2 gites"},"content":{"rendered":"\n<p>Au Nord-Ouest de la Bretagne, \u00e0 cheval sur le Finist\u00e8re et les C\u00f4tes-d\u2019Armor. En bord de mer, entre la Baie de Morlaix et la C\u00f4te de Granit Rose. Dans le Pays du Tr\u00e9gor, sur les hauteurs de la Pointe de Runglaz. Route touristique entre Locquirec et Saint-Jean-Du-Doigt.<\/p>\n\n\n\n<p>Id\u00e9alement situ\u00e9s \u00e0 moins d\u2019 1 km du GR34 et en bordure de la V\u00e9lomaritime, sur les hauteurs de la Pointe de Runglaz, \u00e0 4 min. en voiture des plages et \u00e0 6 min. des commerces.<\/p>\n\n\n\n<p>Nous vous proposons:<\/p>\n\n\n\n<ol class=\"wp-block-list\"><li><strong>Une <a href=\"https:\/\/pennarprat.fr\/?page_id=157\">maison <\/a>de 100m\u00b2<\/strong><ul><li>pour 6 personnes, avec entr\u00e9e ind\u00e9pendante, cour privative fleurie<\/li><li>3 chambres lumineuses avec lits &lsquo;King Size&rsquo; en 180*200 (1 au RDC , 2 \u00e0 l&rsquo;\u00e9tage)<br><a href=\"https:\/\/pennarprat.fr\/?page_id=157\">lire la suite&#8230;<\/a><\/li><\/ul><\/li><\/ol>\n\n\n\n<ol class=\"wp-block-list\" start=\"2\"><li><strong>Une <a href=\"https:\/\/pennarprat.fr\/?page_id=392\">long\u00e8re <\/a>de 56m\u00b2<\/strong><ul><li>pour 4 personnes, avec jardin ouvert et espace piquenique donnant sur la carri\u00e8re<\/li><li>1 chambre au rdc avec lit &lsquo;Queen size&rsquo; en 160*200<\/li><li>1 chambre en mezzanine avec lit double en 140*200<br><a href=\"https:\/\/pennarprat.fr\/?page_id=392\">lire la suite&#8230;<\/a><\/li><\/ul><\/li><\/ol>\n\n\n\n<ol class=\"wp-block-list\" start=\"3\"><li><strong>Pour l&rsquo;accueil \u00e9questre<\/strong>: une \u00e9curie de 70m\u00b2 avec 2 box, sellerie et une carri\u00e8re de 650 m\u00b2 attenante<ul><li>liti\u00e8re, eau et foin fournis<br><a href=\"https:\/\/pennarprat.fr\/?page_id=252\">voir les photos&#8230;<\/a><\/li><\/ul><\/li><\/ol>\n\n\n\n<figure class=\"wp-block-gallery has-nested-images columns-4 is-cropped wp-block-gallery-1 is-layout-flex wp-block-gallery-is-layout-flex\">\n<figure class=\"wp-block-image size-large\"><img loading=\"lazy\" decoding=\"async\" width=\"1024\" height=\"576\" data-id=\"140\" src=\"https:\/\/pennarprat.fr\/wp-content\/uploads\/2022\/05\/PAP9641-1024x576.jpg\" alt=\"\" class=\"wp-image-140\" srcset=\"https:\/\/pennarprat.fr\/wp-content\/uploads\/2022\/05\/PAP9641-1024x576.jpg 1024w, https:\/\/pennarprat.fr\/wp-content\/uploads\/2022\/05\/PAP9641-300x169.jpg 300w, https:\/\/pennarprat.fr\/wp-content\/uploads\/2022\/05\/PAP9641-768x432.jpg 768w, https:\/\/pennarprat.fr\/wp-content\/uploads\/2022\/05\/PAP9641-1536x864.jpg 1536w, https:\/\/pennarprat.fr\/wp-content\/uploads\/2022\/05\/PAP9641-2048x1152.jpg 2048w, https:\/\/pennarprat.fr\/wp-content\/uploads\/2022\/05\/PAP9641-421x237.jpg 421w\" sizes=\"auto, (max-width: 706px) 89vw, (max-width: 767px) 82vw, 740px\" \/><figcaption>vue d&rsquo;arriv\u00e9e<\/figcaption><\/figure>\n\n\n\n<figure class=\"wp-block-image size-large\"><img loading=\"lazy\" decoding=\"async\" width=\"1024\" height=\"576\" data-id=\"474\" src=\"https:\/\/pennarprat.fr\/wp-content\/uploads\/slider2\/header-1024x576.jpeg\" alt=\"\" class=\"wp-image-474\" srcset=\"https:\/\/pennarprat.fr\/wp-content\/uploads\/slider2\/header-1024x576.jpeg 1024w, https:\/\/pennarprat.fr\/wp-content\/uploads\/slider2\/header-300x169.jpeg 300w, https:\/\/pennarprat.fr\/wp-content\/uploads\/slider2\/header-768x432.jpeg 768w, https:\/\/pennarprat.fr\/wp-content\/uploads\/slider2\/header-1536x864.jpeg 1536w, https:\/\/pennarprat.fr\/wp-content\/uploads\/slider2\/header.jpeg 1600w\" sizes=\"auto, (max-width: 706px) 89vw, (max-width: 767px) 82vw, 740px\" \/><figcaption>Les 2 gites<\/figcaption><\/figure>\n\n\n\n<figure class=\"wp-block-image size-large\"><a href=\"https:\/\/pennarprat.fr\/?page_id=392\"><img loading=\"lazy\" decoding=\"async\" width=\"1024\" height=\"576\" data-id=\"144\" src=\"https:\/\/pennarprat.fr\/wp-content\/uploads\/2022\/05\/PAPE9639-1024x576.jpg\" alt=\"\" class=\"wp-image-144\" srcset=\"https:\/\/pennarprat.fr\/wp-content\/uploads\/2022\/05\/PAPE9639-1024x576.jpg 1024w, https:\/\/pennarprat.fr\/wp-content\/uploads\/2022\/05\/PAPE9639-300x169.jpg 300w, https:\/\/pennarprat.fr\/wp-content\/uploads\/2022\/05\/PAPE9639-768x432.jpg 768w, https:\/\/pennarprat.fr\/wp-content\/uploads\/2022\/05\/PAPE9639-1536x864.jpg 1536w, https:\/\/pennarprat.fr\/wp-content\/uploads\/2022\/05\/PAPE9639-421x237.jpg 421w, https:\/\/pennarprat.fr\/wp-content\/uploads\/2022\/05\/PAPE9639.jpg 1593w\" sizes=\"auto, (max-width: 706px) 89vw, (max-width: 767px) 82vw, 740px\" \/><\/a><figcaption>La long\u00e8re<\/figcaption><\/figure>\n\n\n\n<figure class=\"wp-block-image size-large\"><img loading=\"lazy\" decoding=\"async\" width=\"1024\" height=\"576\" data-id=\"158\" src=\"https:\/\/pennarprat.fr\/wp-content\/uploads\/2022\/05\/PAPE9597-1024x576.jpg\" alt=\"\" class=\"wp-image-158\" srcset=\"https:\/\/pennarprat.fr\/wp-content\/uploads\/2022\/05\/PAPE9597-1024x576.jpg 1024w, https:\/\/pennarprat.fr\/wp-content\/uploads\/2022\/05\/PAPE9597-300x169.jpg 300w, https:\/\/pennarprat.fr\/wp-content\/uploads\/2022\/05\/PAPE9597-768x432.jpg 768w, https:\/\/pennarprat.fr\/wp-content\/uploads\/2022\/05\/PAPE9597-1536x864.jpg 1536w, https:\/\/pennarprat.fr\/wp-content\/uploads\/2022\/05\/PAPE9597-421x237.jpg 421w, https:\/\/pennarprat.fr\/wp-content\/uploads\/2022\/05\/PAPE9597.jpg 1593w\" sizes=\"auto, (max-width: 706px) 89vw, (max-width: 767px) 82vw, 740px\" \/><figcaption>La maison<\/figcaption><\/figure>\n<\/figure>\n\n\n\n<figure class=\"wp-block-image size-full\"><img loading=\"lazy\" decoding=\"async\" width=\"731\" height=\"444\" src=\"https:\/\/pennarprat.fr\/wp-content\/uploads\/2022\/06\/2022-06-20-10_37_01-Visualisation-cartographique-Geoportail.jpg\" alt=\"\" class=\"wp-image-705\" srcset=\"https:\/\/pennarprat.fr\/wp-content\/uploads\/2022\/06\/2022-06-20-10_37_01-Visualisation-cartographique-Geoportail.jpg 731w, https:\/\/pennarprat.fr\/wp-content\/uploads\/2022\/06\/2022-06-20-10_37_01-Visualisation-cartographique-Geoportail-300x182.jpg 300w\" sizes=\"auto, (max-width: 731px) 100vw, 731px\" \/><\/figure>\n\n\n\n<div class=\"wp-block-group alignwide\"><div class=\"wp-block-group__inner-container is-layout-flow wp-block-group-is-layout-flow\"><\/div><\/div>\n","protected":false},"excerpt":{"rendered":"<p>Au Nord-Ouest de la Bretagne, \u00e0 cheval sur le Finist\u00e8re et les C\u00f4tes-d\u2019Armor. En bord de mer, entre la Baie de Morlaix et la C\u00f4te de Granit Rose. Dans le Pays du Tr\u00e9gor, sur les hauteurs de la Pointe de Runglaz. Route touristique entre Locquirec et Saint-Jean-Du-Doigt. Id\u00e9alement situ\u00e9s \u00e0 moins d\u2019 1 km du &hellip; <\/p>\n<p class=\"link-more\"><a href=\"https:\/\/pennarprat.fr\/?page_id=133\" class=\"more-link\">Continuer la lecture<span class=\"screen-reader-text\"> de &laquo;&nbsp;Les 2 gites&nbsp;&raquo;<\/span><\/a><\/p>\n","protected":false},"author":1,"featured_media":0,"parent":0,"menu_order":0,"comment_status":"closed","ping_status":"closed","template":"","meta":{"footnotes":""},"class_list":["post-133","page","type-page","status-publish","hentry"],"_links":{"self":[{"href":"https:\/\/pennarprat.fr\/index.php?rest_route=\/wp\/v2\/pages\/133","targetHints":{"allow":["GET"]}}],"collection":[{"href":"https:\/\/pennarprat.fr\/index.php?rest_route=\/wp\/v2\/pages"}],"about":[{"href":"https:\/\/pennarprat.fr\/index.php?rest_route=\/wp\/v2\/types\/page"}],"author":[{"embeddable":true,"href":"https:\/\/pennarprat.fr\/index.php?rest_route=\/wp\/v2\/users\/1"}],"replies":[{"embeddable":true,"href":"https:\/\/pennarprat.fr\/index.php?rest_route=%2Fwp%2Fv2%2Fcomments&post=133"}],"version-history":[{"count":42,"href":"https:\/\/pennarprat.fr\/index.php?rest_route=\/wp\/v2\/pages\/133\/revisions"}],"predecessor-version":[{"id":859,"href":"https:\/\/pennarprat.fr\/index.php?rest_route=\/wp\/v2\/pages\/133\/revisions\/859"}],"wp:attachment":[{"href":"https:\/\/pennarprat.fr\/index.php?rest_route=%2Fwp%2Fv2%2Fmedia&parent=133"}],"curies":[{"name":"wp","href":"https:\/\/api.w.org\/{rel}","templated":true}]}}